{"id":27,"date":"2024-03-19T00:01:40","date_gmt":"2024-03-19T00:01:40","guid":{"rendered":"https:\/\/blog.atacadodecapinhas.com.br\/?page_id=27"},"modified":"2024-03-19T01:36:24","modified_gmt":"2024-03-19T01:36:24","slug":"termos-e-uso","status":"publish","type":"page","link":"https:\/\/blog.atacadodecapinhas.com.br\/index.php\/termos-e-uso\/","title":{"rendered":"Termos de Uso"},"content":{"rendered":"\n<p><strong>Termos de Uso para Smart Rota Digita<\/strong>l<\/p>\n\n\n\n<p>Bem-vindo ao Smart Rota Digital. Estes Termos de Uso (&#8220;Termos&#8221;) regem seu acesso e uso do nosso blog e servi\u00e7os associados (&#8220;Servi\u00e7o&#8221;). Ao acessar ou usar o Servi\u00e7o, voc\u00ea concorda em estar vinculado por estes Termos. Se voc\u00ea n\u00e3o concordar com qualquer parte dos termos, ent\u00e3o voc\u00ea n\u00e3o tem permiss\u00e3o para acessar o Servi\u00e7o.<\/p>\n\n\n\n<h3 class=\"wp-block-heading\"><strong>1. Uso do Servi\u00e7o<\/strong><\/h3>\n\n\n\n<p>O Smart Rota Digital fornece conte\u00fado principalmente relacionado a [inserir temas gerais do blog, como marketing digital, tecnologia, etc.], e voc\u00ea est\u00e1 autorizado a usar o Servi\u00e7o de acordo com estes Termos e com a lei aplic\u00e1vel. Qualquer uso do Servi\u00e7o que n\u00e3o esteja expressamente autorizado por estes Termos \u00e9 uma viola\u00e7\u00e3o destes Termos e pode resultar em medidas legais.<\/p>\n\n\n\n<h3 class=\"wp-block-heading\"><strong>2. Propriedade Intelectual<\/strong><\/h3>\n\n\n\n<p>Todo o conte\u00fado publicado no Smart Rota Digital, incluindo textos, gr\u00e1ficos, logos, \u00edcones, imagens, clipes de \u00e1udio, downloads digitais, compila\u00e7\u00f5es de dados e software, \u00e9 propriedade do Smart Rota Digital ou de seus fornecedores de conte\u00fado e protegido por leis de direitos autorais internacionais.<\/p>\n\n\n\n<h3 class=\"wp-block-heading\"><strong>3. Contribui\u00e7\u00f5es do Usu\u00e1rio<\/strong><\/h3>\n\n\n\n<p>Os usu\u00e1rios podem postar coment\u00e1rios, enviar conte\u00fado para ser publicado, desde que o conte\u00fado n\u00e3o seja ilegal, obsceno, amea\u00e7ador, difamat\u00f3rio, invasivo da privacidade, infrator de direitos de propriedade intelectual, ou de outra forma prejudicial a terceiros.<\/p>\n\n\n\n<h3 class=\"wp-block-heading\"><strong>4. Isen\u00e7\u00e3o de Garantias e Limita\u00e7\u00e3o de Responsabilidade<\/strong><\/h3>\n\n\n\n<p>O Servi\u00e7o \u00e9 fornecido &#8220;como est\u00e1&#8221; e &#8220;conforme dispon\u00edvel&#8221;. N\u00e3o garantimos que o Servi\u00e7o ser\u00e1 ininterrupto ou livre de erros. Em nenhum caso o Smart Rota Digital ou seus diretores, funcion\u00e1rios, parceiros, agentes, fornecedores ou afiliados ser\u00e3o respons\u00e1veis por quaisquer danos indiretos, incidentais, especiais, consequenciais ou punitivos.<\/p>\n\n\n\n<h3 class=\"wp-block-heading\"><strong>5. Altera\u00e7\u00f5es aos Termos<\/strong><\/h3>\n\n\n\n<p>Reservamo-nos o direito, a nosso crit\u00e9rio, de modificar ou substituir estes Termos a qualquer momento. Se a revis\u00e3o for material, forneceremos um aviso de pelo menos 30 dias antes de quaisquer novos termos entrarem em vigor.<\/p>\n\n\n\n<h3 class=\"wp-block-heading\"><strong>6. Contato<\/strong><\/h3>\n\n\n\n<p>Se voc\u00ea tiver alguma d\u00favida sobre estes Termos, entre em contato conosco.<\/p>\n","protected":false},"excerpt":{"rendered":"<p>Termos de Uso para Smart Rota Digital Bem-vindo ao Smart Rota Digital. Estes Termos de Uso (&#8220;Termos&#8221;) regem seu acesso e uso do nosso blog e servi\u00e7os associados (&#8220;Servi\u00e7o&#8221;). Ao acessar ou usar o Servi\u00e7o, voc\u00ea concorda em estar vinculado por estes Termos. Se voc\u00ea n\u00e3o concordar com qualquer parte dos termos, ent\u00e3o voc\u00ea n\u00e3o &hellip;<\/p>\n","protected":false},"author":1,"featured_media":0,"parent":0,"menu_order":0,"comment_status":"closed","ping_status":"closed","template":"","meta":{"footnotes":""},"class_list":["post-27","page","type-page","status-publish","hentry","entry entry-center"],"_links":{"self":[{"href":"https:\/\/blog.atacadodecapinhas.com.br\/index.php\/wp-json\/wp\/v2\/pages\/27","targetHints":{"allow":["GET"]}}],"collection":[{"href":"https:\/\/blog.atacadodecapinhas.com.br\/index.php\/wp-json\/wp\/v2\/pages"}],"about":[{"href":"https:\/\/blog.atacadodecapinhas.com.br\/index.php\/wp-json\/wp\/v2\/types\/page"}],"author":[{"embeddable":true,"href":"https:\/\/blog.atacadodecapinhas.com.br\/index.php\/wp-json\/wp\/v2\/users\/1"}],"replies":[{"embeddable":true,"href":"https:\/\/blog.atacadodecapinhas.com.br\/index.php\/wp-json\/wp\/v2\/comments?post=27"}],"version-history":[{"count":4,"href":"https:\/\/blog.atacadodecapinhas.com.br\/index.php\/wp-json\/wp\/v2\/pages\/27\/revisions"}],"predecessor-version":[{"id":64,"href":"https:\/\/blog.atacadodecapinhas.com.br\/index.php\/wp-json\/wp\/v2\/pages\/27\/revisions\/64"}],"wp:attachment":[{"href":"https:\/\/blog.atacadodecapinhas.com.br\/index.php\/wp-json\/wp\/v2\/media?parent=27"}],"curies":[{"name":"wp","href":"https:\/\/api.w.org\/{rel}","templated":true}]}}